{"id":346,"date":"2025-04-18T08:58:56","date_gmt":"2025-04-18T08:58:56","guid":{"rendered":"https:\/\/lafleurpourret.definima.net\/terms-of-use\/"},"modified":"2025-05-16T14:43:40","modified_gmt":"2025-05-16T14:43:40","slug":"terms-of-use","status":"publish","type":"page","link":"https:\/\/lafleurpourret.com\/en\/terms-of-use\/","title":{"rendered":"Terms of use"},"content":{"rendered":"\t\t<div data-elementor-type=\"wp-page\" data-elementor-id=\"346\" class=\"elementor elementor-346 elementor-318\" data-elementor-post-type=\"page\">\n\t\t\t\t<div class=\"elementor-element elementor-element-5bf9941 e-flex e-con-boxed e-con e-parent\" data-id=\"5bf9941\" data-element_type=\"container\">\n\t\t\t\t\t<div class=\"e-con-inner\">\n\t\t\t\t<div class=\"elementor-element elementor-element-53af728 elementor-widget elementor-widget-heading\" data-id=\"53af728\" data-element_type=\"widget\" data-widget_type=\"heading.default\">\n\t\t\t\t<div class=\"elementor-widget-container\">\n\t\t\t\t\t<h1 class=\"elementor-heading-title elementor-size-default\">Terms of use<\/h1>\t\t\t\t<\/div>\n\t\t\t\t<\/div>\n\t\t<div class=\"elementor-element elementor-element-ff24871 e-con-full e-flex e-con e-child\" data-id=\"ff24871\" data-element_type=\"container\">\n\t\t<div class=\"elementor-element elementor-element-27a28c6 e-con-full e-flex e-con e-child\" data-id=\"27a28c6\" data-element_type=\"container\">\n\t\t\t\t<div class=\"elementor-element elementor-element-e4f095c elementor-widget elementor-widget-heading\" data-id=\"e4f095c\" data-element_type=\"widget\" data-widget_type=\"heading.default\">\n\t\t\t\t<div class=\"elementor-widget-container\">\n\t\t\t\t\t<h2 class=\"elementor-heading-title elementor-size-default\">Site editor<\/h2>\t\t\t\t<\/div>\n\t\t\t\t<\/div>\n\t\t\t\t<div class=\"elementor-element elementor-element-c39e8f3 elementor-widget elementor-widget-text-editor\" data-id=\"c39e8f3\" data-element_type=\"widget\" data-widget_type=\"text-editor.default\">\n\t\t\t\t<div class=\"elementor-widget-container\">\n\t\t\t\t\t\t\t\t\t<p class=\"\" data-start=\"116\" data-end=\"311\"><strong>Site publisher<\/strong>: SCEA Famille Manoncourt<br data-start=\"221\" data-end=\"224\"><strong data-start=\"224\" data-end=\"240\">SIRET number<\/strong>: 38506797000017<br data-start=\"257\" data-end=\"260\"><strong data-start=\"260\" data-end=\"276\">Head office<\/strong>: CH\u00c2TEAU de FIGEAC, 33330 Saint-\u00c9milion<br data-start=\"317\" data-end=\"320\"><strong data-start=\"320\" data-end=\"333\">Telephone<\/strong>: +33 (0)5 57 24 72 26<br data-start=\"389\" data-end=\"392\"><strong data-start=\"392\" data-end=\"402\">E-mail<\/strong>: <a rel=\"noopener\" data-start=\"405\" data-end=\"438\">chateau-figeac@chateau-figeac.com<\/a><br data-start=\"438\" data-end=\"441\"><strong data-start=\"441\" data-end=\"472\">Publication manager<\/strong>: Fr\u00e9d\u00e9ric FAYE<\/p>\t\t\t\t\t\t\t\t<\/div>\n\t\t\t\t<\/div>\n\t\t\t\t<\/div>\n\t\t<div class=\"elementor-element elementor-element-b732730 e-con-full e-flex e-con e-child\" data-id=\"b732730\" data-element_type=\"container\">\n\t\t\t\t<div class=\"elementor-element elementor-element-aabde04 elementor-widget elementor-widget-heading\" data-id=\"aabde04\" data-element_type=\"widget\" data-widget_type=\"heading.default\">\n\t\t\t\t<div class=\"elementor-widget-container\">\n\t\t\t\t\t<h2 class=\"elementor-heading-title elementor-size-default\">Hosting<\/h2>\t\t\t\t<\/div>\n\t\t\t\t<\/div>\n\t\t\t\t<div class=\"elementor-element elementor-element-bda7414 elementor-widget elementor-widget-text-editor\" data-id=\"bda7414\" data-element_type=\"widget\" data-widget_type=\"text-editor.default\">\n\t\t\t\t<div class=\"elementor-widget-container\">\n\t\t\t\t\t\t\t\t\t<p><strong data-start=\"573\" data-end=\"586\">Host<\/strong>: Definima<br data-start=\"597\" data-end=\"600\"><strong data-start=\"600\" data-end=\"611\">Address<\/strong>: 83 rue de Catoy, 33170 Gradignan, France<br data-start=\"646\" data-end=\"649\"><strong data-start=\"649\" data-end=\"661\">Website<\/strong>: <a class=\"\" href=\"https:\/\/www.definima.com\" target=\"_new\" rel=\"noopener\" data-start=\"664\" data-end=\"716\">https:\/\/www.definima.com<\/a><\/p>\t\t\t\t\t\t\t\t<\/div>\n\t\t\t\t<\/div>\n\t\t\t\t<\/div>\n\t\t<div class=\"elementor-element elementor-element-90be524 e-con-full e-flex e-con e-child\" data-id=\"90be524\" data-element_type=\"container\">\n\t\t\t\t<div class=\"elementor-element elementor-element-56864f6 elementor-widget elementor-widget-heading\" data-id=\"56864f6\" data-element_type=\"widget\" data-widget_type=\"heading.default\">\n\t\t\t\t<div class=\"elementor-widget-container\">\n\t\t\t\t\t<h2 class=\"elementor-heading-title elementor-size-default\">Development<\/h2>\t\t\t\t<\/div>\n\t\t\t\t<\/div>\n\t\t\t\t<div class=\"elementor-element elementor-element-aba6d6d elementor-widget elementor-widget-text-editor\" data-id=\"aba6d6d\" data-element_type=\"widget\" data-widget_type=\"text-editor.default\">\n\t\t\t\t<div class=\"elementor-widget-container\">\n\t\t\t\t\t\t\t\t\t<p><strong data-start=\"744\" data-end=\"761\">Development<\/strong>: Definima<br data-start=\"772\" data-end=\"775\"><strong data-start=\"775\" data-end=\"786\">Address<\/strong>: 83 rue de Catoy, 33170 Gradignan, France<br data-start=\"821\" data-end=\"824\"><strong data-start=\"824\" data-end=\"836\">Website<\/strong>: <a class=\"\" href=\"https:\/\/www.definima.com\" target=\"_new\" rel=\"noopener\" data-start=\"839\" data-end=\"891\">https:\/\/www.definima.com<\/a><\/p>\t\t\t\t\t\t\t\t<\/div>\n\t\t\t\t<\/div>\n\t\t\t\t<\/div>\n\t\t\t\t<\/div>\n\t\t<div class=\"elementor-element elementor-element-c7df10f e-con-full e-flex e-con e-child\" data-id=\"c7df10f\" data-element_type=\"container\">\n\t\t\t\t<div class=\"elementor-element elementor-element-3f2a037 elementor-widget elementor-widget-heading\" data-id=\"3f2a037\" data-element_type=\"widget\" data-widget_type=\"heading.default\">\n\t\t\t\t<div class=\"elementor-widget-container\">\n\t\t\t\t\t<h2 class=\"elementor-heading-title elementor-size-default\">Illustrations<\/h2>\t\t\t\t<\/div>\n\t\t\t\t<\/div>\n\t\t\t\t<div class=\"elementor-element elementor-element-ab749a8 elementor-widget elementor-widget-text-editor\" data-id=\"ab749a8\" data-element_type=\"widget\" data-widget_type=\"text-editor.default\">\n\t\t\t\t<div class=\"elementor-widget-container\">\n\t\t\t\t\t\t\t\t\t<p class=\"\" data-start=\"929\" data-end=\"1107\">The illustrations featured on this website were created by Elise Dysclin.<\/p>\t\t\t\t\t\t\t\t<\/div>\n\t\t\t\t<\/div>\n\t\t\t\t<div class=\"elementor-element elementor-element-2148784 elementor-widget elementor-widget-heading\" data-id=\"2148784\" data-element_type=\"widget\" data-widget_type=\"heading.default\">\n\t\t\t\t<div class=\"elementor-widget-container\">\n\t\t\t\t\t<h2 class=\"elementor-heading-title elementor-size-default\">Terms of use<\/h2>\t\t\t\t<\/div>\n\t\t\t\t<\/div>\n\t\t\t\t<div class=\"elementor-element elementor-element-2801fed elementor-widget elementor-widget-text-editor\" data-id=\"2801fed\" data-element_type=\"widget\" data-widget_type=\"text-editor.default\">\n\t\t\t\t<div class=\"elementor-widget-container\">\n\t\t\t\t\t\t\t\t\t<p class=\"\" data-start=\"929\" data-end=\"1107\">This site (<a class=\"\" href=\"http:\/\/www.lafleurpourret.com\" target=\"_new\" rel=\"noopener\" data-start=\"938\" data-end=\"960\">www.lafleurpourret.com<\/a>) is available in different web languages (HTML, HTML5, Javascript, CSS, etc.) for greater ease of use and more pleasing graphics.<\/p><p class=\"\" data-start=\"1109\" data-end=\"1317\">La Fleur Pourret makes every effort to provide reliable information and to keep the website up to date. However, errors or omissions may occur.<\/p><p class=\"\" data-start=\"1319\" data-end=\"1639\">Internet users are invited to check the accuracy of the information directly with La Fleur Pourret and to report any changes to the site that they consider useful. La Fleur Pourret cannot be held responsible for the use made of this information or for any direct or indirect prejudice that may result.<\/p>\t\t\t\t\t\t\t\t<\/div>\n\t\t\t\t<\/div>\n\t\t<div class=\"elementor-element elementor-element-3090fbe e-con-full e-flex e-con e-child\" data-id=\"3090fbe\" data-element_type=\"container\">\n\t\t\t\t<div class=\"elementor-element elementor-element-11f3238 elementor-widget elementor-widget-heading\" data-id=\"11f3238\" data-element_type=\"widget\" data-widget_type=\"heading.default\">\n\t\t\t\t<div class=\"elementor-widget-container\">\n\t\t\t\t\t<h2 class=\"elementor-heading-title elementor-size-default\">Hyperlinks<\/h2>\t\t\t\t<\/div>\n\t\t\t\t<\/div>\n\t\t\t\t<div class=\"elementor-element elementor-element-029ad84 elementor-widget elementor-widget-text-editor\" data-id=\"029ad84\" data-element_type=\"widget\" data-widget_type=\"text-editor.default\">\n\t\t\t\t<div class=\"elementor-widget-container\">\n\t\t\t\t\t\t\t\t\t<p class=\"\" data-start=\"1670\" data-end=\"1791\">The <a class=\"\" href=\"http:\/\/www.lafleurpourret.com\" target=\"_new\" rel=\"noopener\" data-start=\"1678\" data-end=\"1700\">www.lafleurpourret.com<\/a> website may contain links to other websites or resources available on the web.<\/p><p class=\"\" data-start=\"1793\" data-end=\"2183\">La Fleur Pourret has no control over these third-party sites and cannot guarantee their availability or content. La Fleur Pourret cannot be held responsible for any damage of any kind resulting from the use of such sites. Use of these resources is at the user&#8217;s own risk, and the user must comply with their terms of use.  <\/p><p class=\"\" data-start=\"2185\" data-end=\"2375\">Any hypertext link to <a class=\"\" href=\"http:\/\/www.lafleurpourret.com\" target=\"_new\" rel=\"noopener\" data-start=\"2229\" data-end=\"2251\">www.lafleurpourret.com<\/a> requires the prior written authorization of La Fleur Pourret. A request can be sent via the contact form.<\/p>\t\t\t\t\t\t\t\t<\/div>\n\t\t\t\t<\/div>\n\t\t<div class=\"elementor-element elementor-element-1aa65f5 e-con-full e-flex e-con e-child\" data-id=\"1aa65f5\" data-element_type=\"container\">\n\t\t\t\t<div class=\"elementor-element elementor-element-afacd00 elementor-widget elementor-widget-heading\" data-id=\"afacd00\" data-element_type=\"widget\" data-widget_type=\"heading.default\">\n\t\t\t\t<div class=\"elementor-widget-container\">\n\t\t\t\t\t<h2 class=\"elementor-heading-title elementor-size-default\">Services provided<\/h2>\t\t\t\t<\/div>\n\t\t\t\t<\/div>\n\t\t\t\t<div class=\"elementor-element elementor-element-eaa336b elementor-widget elementor-widget-text-editor\" data-id=\"eaa336b\" data-element_type=\"widget\" data-widget_type=\"text-editor.default\">\n\t\t\t\t<div class=\"elementor-widget-container\">\n\t\t\t\t\t\t\t\t\t<p class=\"\" data-start=\"2405\" data-end=\"2513\">All the company&#8217;s activities and information can be found at <a class=\"\" href=\"http:\/\/www.lafleurpourret.com\" target=\"_new\" rel=\"noopener\" data-start=\"2490\" data-end=\"2512\">www.lafleurpourret.com<\/a>.<\/p><p class=\"\" data-start=\"2515\" data-end=\"2739\">La Fleur Pourret strives to provide information that is as accurate as possible. However, they are given for information only and may change without notice. The visuals on the site are non-contractual.<\/p>\t\t\t\t\t\t\t\t<\/div>\n\t\t\t\t<\/div>\n\t\t<div class=\"elementor-element elementor-element-481d471 e-con-full e-flex e-con e-child\" data-id=\"481d471\" data-element_type=\"container\">\n\t\t\t\t<div class=\"elementor-element elementor-element-2411848 elementor-widget elementor-widget-heading\" data-id=\"2411848\" data-element_type=\"widget\" data-widget_type=\"heading.default\">\n\t\t\t\t<div class=\"elementor-widget-container\">\n\t\t\t\t\t<h2 class=\"elementor-heading-title elementor-size-default\">Contractual limitation on data<\/h2>\t\t\t\t<\/div>\n\t\t\t\t<\/div>\n\t\t\t\t<div class=\"elementor-element elementor-element-f98c4a2 elementor-widget elementor-widget-text-editor\" data-id=\"f98c4a2\" data-element_type=\"widget\" data-widget_type=\"text-editor.default\">\n\t\t\t\t<div class=\"elementor-widget-container\">\n\t\t\t\t\t\t\t\t\t<p class=\"\" data-start=\"2793\" data-end=\"2948\">The <a class=\"\" href=\"http:\/\/www.lafleurpourret.com\" target=\"_new\" rel=\"noopener\" data-start=\"2801\" data-end=\"2823\">www.lafleurpourret.com<\/a> website may contain inaccuracies or omissions. Any problem found can be reported by email to [adresse \u00e0 compl\u00e9ter].<\/p><p class=\"\" data-start=\"2950\" data-end=\"3176\">All downloads from the site are at the user&#8217;s own risk. La Fleur Pourret cannot be held responsible for any damage to the computer or loss of data resulting from this download.<\/p><p class=\"\" data-start=\"3178\" data-end=\"3284\">The user undertakes to access the site with recent, virus-free equipment and an up-to-date browser.<\/p>\t\t\t\t\t\t\t\t<\/div>\n\t\t\t\t<\/div>\n\t\t<div class=\"elementor-element elementor-element-91cbd74 e-con-full e-flex e-con e-child\" data-id=\"91cbd74\" data-element_type=\"container\">\n\t\t\t\t<div class=\"elementor-element elementor-element-531be41 elementor-widget elementor-widget-heading\" data-id=\"531be41\" data-element_type=\"widget\" data-widget_type=\"heading.default\">\n\t\t\t\t<div class=\"elementor-widget-container\">\n\t\t\t\t\t<h2 class=\"elementor-heading-title elementor-size-default\">Intellectual property<\/h2>\t\t\t\t<\/div>\n\t\t\t\t<\/div>\n\t\t\t\t<div class=\"elementor-element elementor-element-ac607ed elementor-widget elementor-widget-text-editor\" data-id=\"ac607ed\" data-element_type=\"widget\" data-widget_type=\"text-editor.default\">\n\t\t\t\t<div class=\"elementor-widget-container\">\n\t\t\t\t\t\t\t\t\t<p class=\"\" data-start=\"3322\" data-end=\"3506\">The content of the <a class=\"\" href=\"http:\/\/www.lafleurpourret.com\" target=\"_new\" rel=\"noopener\" data-start=\"3341\" data-end=\"3363\">www.lafleurpourret.com <\/a>site, including text, images, graphics, logos, icons, sounds and software, is the exclusive property of La Fleur Pourret, unless otherwise stated.<\/p><p class=\"\" data-start=\"3508\" data-end=\"3814\">Any reproduction, distribution, modification, adaptation, retransmission or publication, even partial, is strictly forbidden without the written consent of La Fleur Pourret. Any unauthorized use constitutes an infringement liable to engage the civil and criminal liability of the infringer.<\/p>\t\t\t\t\t\t\t\t<\/div>\n\t\t\t\t<\/div>\n\t\t<div class=\"elementor-element elementor-element-f655661 e-con-full e-flex e-con e-child\" data-id=\"f655661\" data-element_type=\"container\">\n\t\t\t\t<div class=\"elementor-element elementor-element-f8c838b elementor-widget elementor-widget-heading\" data-id=\"f8c838b\" data-element_type=\"widget\" data-widget_type=\"heading.default\">\n\t\t\t\t<div class=\"elementor-widget-container\">\n\t\t\t\t\t<h2 class=\"elementor-heading-title elementor-size-default\">Claims<\/h2>\t\t\t\t<\/div>\n\t\t\t\t<\/div>\n\t\t\t\t<div class=\"elementor-element elementor-element-fa7203e elementor-widget elementor-widget-text-editor\" data-id=\"fa7203e\" data-element_type=\"widget\" data-widget_type=\"text-editor.default\">\n\t\t\t\t<div class=\"elementor-widget-container\">\n\t\t\t\t\t\t\t\t\t<p class=\"\" data-start=\"3322\" data-end=\"3506\">The present conditions are governed by French law. In the event of litigation, and in the absence of amicable agreement, the competent courts will be those on which the registered office of La Fleur Pourret depends. The reference language for all litigation is French.<\/p>\t\t\t\t\t\t\t\t<\/div>\n\t\t\t\t<\/div>\n\t\t\t\t<\/div>\n\t\t\t\t<\/div>\n\t\t\t\t<\/div>\n\t\t\t\t<\/div>\n\t\t\t\t<\/div>\n\t\t\t\t<\/div>\n\t\t\t\t\t<\/div>\n\t\t\t\t<\/div>\n\t\t\t\t<\/div>\n\t\t","protected":false},"excerpt":{"rendered":"<p>Terms of use Site editor Site publisher: SCEA Famille ManoncourtSIRET number: 38506797000017Head office: CH\u00c2TEAU de FIGEAC, 33330 Saint-\u00c9milionTelephone: +33 (0)5 57 24 72 26E-mail: chateau-figeac@chateau-figeac.comPublication manager: Fr\u00e9d\u00e9ric FAYE Hosting Host: DefinimaAddress: 83 rue de Catoy, 33170 Gradignan, FranceWebsite: https:\/\/www.definima.com Development Development: DefinimaAddress: 83 rue de Catoy, 33170 Gradignan, FranceWebsite: https:\/\/www.definima.com Illustrations The illustrations featured on [&hellip;]<\/p>\n","protected":false},"author":1,"featured_media":0,"parent":0,"menu_order":0,"comment_status":"closed","ping_status":"closed","template":"","meta":{"footnotes":""},"class_list":["post-346","page","type-page","status-publish","hentry"],"yoast_head":"<!-- This site is optimized with the Yoast SEO plugin v24.9 - https:\/\/yoast.com\/wordpress\/plugins\/seo\/ -->\n<title>Terms of use - Ch\u00e2teau La Fleur Pourret<\/title>\n<meta name=\"robots\" content=\"noindex, follow\" \/>\n<meta property=\"og:locale\" content=\"en_US\" \/>\n<meta property=\"og:type\" content=\"article\" \/>\n<meta property=\"og:title\" content=\"Terms of use - Ch\u00e2teau La Fleur Pourret\" \/>\n<meta property=\"og:description\" content=\"Terms of use Site editor Site publisher: SCEA Famille ManoncourtSIRET number: 38506797000017Head office: CH\u00c2TEAU de FIGEAC, 33330 Saint-\u00c9milionTelephone: +33 (0)5 57 24 72 26E-mail: chateau-figeac@chateau-figeac.comPublication manager: Fr\u00e9d\u00e9ric FAYE Hosting Host: DefinimaAddress: 83 rue de Catoy, 33170 Gradignan, FranceWebsite: https:\/\/www.definima.com Development Development: DefinimaAddress: 83 rue de Catoy, 33170 Gradignan, FranceWebsite: https:\/\/www.definima.com Illustrations The illustrations featured on [&hellip;]\" \/>\n<meta property=\"og:url\" content=\"https:\/\/lafleurpourret.com\/en\/terms-of-use\/\" \/>\n<meta property=\"og:site_name\" content=\"Ch\u00e2teau La Fleur Pourret\" \/>\n<meta property=\"article:publisher\" content=\"https:\/\/www.facebook.com\/ChateauFigeac\/\" \/>\n<meta property=\"article:modified_time\" content=\"2025-05-16T14:43:40+00:00\" \/>\n<meta name=\"twitter:card\" content=\"summary_large_image\" \/>\n<meta name=\"twitter:label1\" content=\"Est. reading time\" \/>\n\t<meta name=\"twitter:data1\" content=\"3 minutes\" \/>\n<script type=\"application\/ld+json\" class=\"yoast-schema-graph\">{\"@context\":\"https:\/\/schema.org\",\"@graph\":[{\"@type\":\"WebPage\",\"@id\":\"https:\/\/lafleurpourret.com\/en\/terms-of-use\/\",\"url\":\"https:\/\/lafleurpourret.com\/en\/terms-of-use\/\",\"name\":\"Terms of use - Ch\u00e2teau La Fleur Pourret\",\"isPartOf\":{\"@id\":\"https:\/\/lafleurpourret.com\/en\/#website\"},\"datePublished\":\"2025-04-18T08:58:56+00:00\",\"dateModified\":\"2025-05-16T14:43:40+00:00\",\"breadcrumb\":{\"@id\":\"https:\/\/lafleurpourret.com\/en\/terms-of-use\/#breadcrumb\"},\"inLanguage\":\"en-US\",\"potentialAction\":[{\"@type\":\"ReadAction\",\"target\":[\"https:\/\/lafleurpourret.com\/en\/terms-of-use\/\"]}]},{\"@type\":\"BreadcrumbList\",\"@id\":\"https:\/\/lafleurpourret.com\/en\/terms-of-use\/#breadcrumb\",\"itemListElement\":[{\"@type\":\"ListItem\",\"position\":1,\"name\":\"Accueil\",\"item\":\"https:\/\/lafleurpourret.com\/en\/\"},{\"@type\":\"ListItem\",\"position\":2,\"name\":\"Terms of use\"}]},{\"@type\":\"WebSite\",\"@id\":\"https:\/\/lafleurpourret.com\/en\/#website\",\"url\":\"https:\/\/lafleurpourret.com\/en\/\",\"name\":\"Ch\u00e2teau La Fleur Pourret\",\"description\":\"\",\"publisher\":{\"@id\":\"https:\/\/lafleurpourret.com\/en\/#organization\"},\"potentialAction\":[{\"@type\":\"SearchAction\",\"target\":{\"@type\":\"EntryPoint\",\"urlTemplate\":\"https:\/\/lafleurpourret.com\/en\/?s={search_term_string}\"},\"query-input\":{\"@type\":\"PropertyValueSpecification\",\"valueRequired\":true,\"valueName\":\"search_term_string\"}}],\"inLanguage\":\"en-US\"},{\"@type\":\"Organization\",\"@id\":\"https:\/\/lafleurpourret.com\/en\/#organization\",\"name\":\"Ch\u00e2teau La Fleur Pourret\",\"url\":\"https:\/\/lafleurpourret.com\/en\/\",\"logo\":{\"@type\":\"ImageObject\",\"inLanguage\":\"en-US\",\"@id\":\"https:\/\/lafleurpourret.com\/en\/#\/schema\/logo\/image\/\",\"url\":\"https:\/\/lafleurpourret.com\/wp-content\/uploads\/2025\/04\/fleur-pourret-logo.svg\",\"contentUrl\":\"https:\/\/lafleurpourret.com\/wp-content\/uploads\/2025\/04\/fleur-pourret-logo.svg\",\"width\":270,\"height\":72,\"caption\":\"Ch\u00e2teau La Fleur Pourret\"},\"image\":{\"@id\":\"https:\/\/lafleurpourret.com\/en\/#\/schema\/logo\/image\/\"},\"sameAs\":[\"https:\/\/www.facebook.com\/ChateauFigeac\/\",\"https:\/\/www.linkedin.com\/company\/chateau-figeac\/\",\"https:\/\/www.instagram.com\/chateau_figeac\/\"]}]}<\/script>\n<!-- \/ Yoast SEO plugin. -->","yoast_head_json":{"title":"Terms of use - Ch\u00e2teau La Fleur Pourret","robots":{"index":"noindex","follow":"follow"},"og_locale":"en_US","og_type":"article","og_title":"Terms of use - Ch\u00e2teau La Fleur Pourret","og_description":"Terms of use Site editor Site publisher: SCEA Famille ManoncourtSIRET number: 38506797000017Head office: CH\u00c2TEAU de FIGEAC, 33330 Saint-\u00c9milionTelephone: +33 (0)5 57 24 72 26E-mail: chateau-figeac@chateau-figeac.comPublication manager: Fr\u00e9d\u00e9ric FAYE Hosting Host: DefinimaAddress: 83 rue de Catoy, 33170 Gradignan, FranceWebsite: https:\/\/www.definima.com Development Development: DefinimaAddress: 83 rue de Catoy, 33170 Gradignan, FranceWebsite: https:\/\/www.definima.com Illustrations The illustrations featured on [&hellip;]","og_url":"https:\/\/lafleurpourret.com\/en\/terms-of-use\/","og_site_name":"Ch\u00e2teau La Fleur Pourret","article_publisher":"https:\/\/www.facebook.com\/ChateauFigeac\/","article_modified_time":"2025-05-16T14:43:40+00:00","twitter_card":"summary_large_image","twitter_misc":{"Est. reading time":"3 minutes"},"schema":{"@context":"https:\/\/schema.org","@graph":[{"@type":"WebPage","@id":"https:\/\/lafleurpourret.com\/en\/terms-of-use\/","url":"https:\/\/lafleurpourret.com\/en\/terms-of-use\/","name":"Terms of use - Ch\u00e2teau La Fleur Pourret","isPartOf":{"@id":"https:\/\/lafleurpourret.com\/en\/#website"},"datePublished":"2025-04-18T08:58:56+00:00","dateModified":"2025-05-16T14:43:40+00:00","breadcrumb":{"@id":"https:\/\/lafleurpourret.com\/en\/terms-of-use\/#breadcrumb"},"inLanguage":"en-US","potentialAction":[{"@type":"ReadAction","target":["https:\/\/lafleurpourret.com\/en\/terms-of-use\/"]}]},{"@type":"BreadcrumbList","@id":"https:\/\/lafleurpourret.com\/en\/terms-of-use\/#breadcrumb","itemListElement":[{"@type":"ListItem","position":1,"name":"Accueil","item":"https:\/\/lafleurpourret.com\/en\/"},{"@type":"ListItem","position":2,"name":"Terms of use"}]},{"@type":"WebSite","@id":"https:\/\/lafleurpourret.com\/en\/#website","url":"https:\/\/lafleurpourret.com\/en\/","name":"Ch\u00e2teau La Fleur Pourret","description":"","publisher":{"@id":"https:\/\/lafleurpourret.com\/en\/#organization"},"potentialAction":[{"@type":"SearchAction","target":{"@type":"EntryPoint","urlTemplate":"https:\/\/lafleurpourret.com\/en\/?s={search_term_string}"},"query-input":{"@type":"PropertyValueSpecification","valueRequired":true,"valueName":"search_term_string"}}],"inLanguage":"en-US"},{"@type":"Organization","@id":"https:\/\/lafleurpourret.com\/en\/#organization","name":"Ch\u00e2teau La Fleur Pourret","url":"https:\/\/lafleurpourret.com\/en\/","logo":{"@type":"ImageObject","inLanguage":"en-US","@id":"https:\/\/lafleurpourret.com\/en\/#\/schema\/logo\/image\/","url":"https:\/\/lafleurpourret.com\/wp-content\/uploads\/2025\/04\/fleur-pourret-logo.svg","contentUrl":"https:\/\/lafleurpourret.com\/wp-content\/uploads\/2025\/04\/fleur-pourret-logo.svg","width":270,"height":72,"caption":"Ch\u00e2teau La Fleur Pourret"},"image":{"@id":"https:\/\/lafleurpourret.com\/en\/#\/schema\/logo\/image\/"},"sameAs":["https:\/\/www.facebook.com\/ChateauFigeac\/","https:\/\/www.linkedin.com\/company\/chateau-figeac\/","https:\/\/www.instagram.com\/chateau_figeac\/"]}]}},"_links":{"self":[{"href":"https:\/\/lafleurpourret.com\/en\/wp-json\/wp\/v2\/pages\/346","targetHints":{"allow":["GET"]}}],"collection":[{"href":"https:\/\/lafleurpourret.com\/en\/wp-json\/wp\/v2\/pages"}],"about":[{"href":"https:\/\/lafleurpourret.com\/en\/wp-json\/wp\/v2\/types\/page"}],"author":[{"embeddable":true,"href":"https:\/\/lafleurpourret.com\/en\/wp-json\/wp\/v2\/users\/1"}],"replies":[{"embeddable":true,"href":"https:\/\/lafleurpourret.com\/en\/wp-json\/wp\/v2\/comments?post=346"}],"version-history":[{"count":4,"href":"https:\/\/lafleurpourret.com\/en\/wp-json\/wp\/v2\/pages\/346\/revisions"}],"predecessor-version":[{"id":471,"href":"https:\/\/lafleurpourret.com\/en\/wp-json\/wp\/v2\/pages\/346\/revisions\/471"}],"wp:attachment":[{"href":"https:\/\/lafleurpourret.com\/en\/wp-json\/wp\/v2\/media?parent=346"}],"curies":[{"name":"wp","href":"https:\/\/api.w.org\/{rel}","templated":true}]}}